{"id":335,"date":"2025-07-17T23:53:17","date_gmt":"2025-07-17T23:53:17","guid":{"rendered":"https:\/\/bshopma.ma\/?post_type=product&#038;p=335"},"modified":"2025-08-18T21:28:19","modified_gmt":"2025-08-18T21:28:19","slug":"foulard-malaisien","status":"publish","type":"product","link":"https:\/\/bshopma.ma\/ar\/product\/foulard-malaisien\/","title":{"rendered":"\u062d\u062c\u0627\u0628 \u0645\u0627\u0644\u064a\u0632\u064a"},"content":{"rendered":"<p style=\"text-align: center\">\u0648\u0635\u0641 \u0627\u0644\u0645\u0646\u062a\u062c<\/p>\n<p style=\"text-align: center\">\u00a0\u0641\u0648\u0644\u0627\u0631 \u0645\u0635\u0631 \u064a\u062c\u0633\u062f \u0623\u0646\u0627\u0642\u0629 \u0645\u0635\u0631 \u0627\u0644\u062e\u0627\u0644\u062f\u0629.<\/p>\n<p style=\"text-align: center\">\u0645\u0635\u0646\u0648\u0639 \u0628\u0639\u0646\u0627\u064a\u0629 \u0645\u0646 \u0642\u0645\u0627\u0634 \u062e\u0641\u064a\u0641 \u0648\u0627\u0646\u0633\u064a\u0627\u0628\u064a\u060c \u0644\u064a\u0636\u0641\u064a \u0644\u0645\u0633\u0629 \u0634\u0631\u0642\u064a\u0629 \u0639\u0644\u0649 \u0625\u0637\u0644\u0627\u0644\u062a\u0643 \u0627\u0644\u064a\u0648\u0645\u064a\u0629.<\/p>\n<p style=\"text-align: center\">\u0645\u062a\u0639\u062f\u062f \u0627\u0644\u0627\u0633\u062a\u062e\u062f\u0627\u0645\u0627\u062a\u060c \u0646\u0627\u0639\u0645 \u0648\u0631\u0627\u0642\u064a\u060c \u064a\u0645\u0643\u0646 \u0627\u0631\u062a\u062f\u0627\u0621 \u0647\u0630\u0627 \u0627\u0644\u0641\u0648\u0644\u0627\u0631 \u0628\u0637\u0631\u0642 \u0645\u062a\u0639\u062f\u062f\u0629: \u0643\u062d\u062c\u0627\u0628\u060c \u062d\u0648\u0644 \u0627\u0644\u0639\u0646\u0642\u060c \u0623\u0648 \u062d\u062a\u0649 \u0643\u0625\u0643\u0633\u0633\u0648\u0627\u0631 \u0644\u0644\u062d\u0642\u064a\u0628\u0629.<\/p>\n<p style=\"text-align: center\">\u0645\u062a\u0648\u0641\u0631 \u0628\u0639\u062f\u0629 \u0623\u0644\u0648\u0627\u0646 \u0645\u0633\u062a\u0648\u062d\u0627\u0629 \u0645\u0646 \u0623\u0644\u0648\u0627\u0646 \u0646\u0647\u0631 \u0627\u0644\u0646\u064a\u0644 \u0648\u0635\u062d\u0627\u0631\u0649 \u0645\u0635\u0631.<\/p>\n<p style=\"text-align: center\">. <span class=\"html-span xexx8yu xyri2b x18d9i69 x1c1uobl x1hl2dhg x16tdsg8 x1vvkbs x3nfvp2 x1j61x8r x1fcty0u xdj266r xat24cr xm2jcoa x1mpyi22 xxymvpz xlup9mm x1kky2od\"><img loading=\"lazy\" decoding=\"async\" class=\"xz74otr x15mokao x1ga7v0g x16uus16 xbiv7yw\" src=\"https:\/\/static.cdninstagram.com\/images\/emoji.php\/v9\/t33\/1\/16\/2705.png\" alt=\"\u2705\" width=\"16\" height=\"16\" \/><\/span> \u0627\u0644\u0642\u0645\u0627\u0634: \u0643\u0631\u064a\u0628 \u062e\u0641\u064a\u0641<\/p>\n<p style=\"text-align: center\"><span class=\"html-span xexx8yu xyri2b x18d9i69 x1c1uobl x1hl2dhg x16tdsg8 x1vvkbs x3nfvp2 x1j61x8r x1fcty0u xdj266r xat24cr xm2jcoa x1mpyi22 xxymvpz xlup9mm x1kky2od\"><img loading=\"lazy\" decoding=\"async\" class=\"xz74otr x15mokao x1ga7v0g x16uus16 xbiv7yw\" src=\"https:\/\/static.cdninstagram.com\/images\/emoji.php\/v9\/t33\/1\/16\/2705.png\" alt=\"\u2705\" width=\"16\" height=\"16\" \/><\/span> \u0627\u0644\u0623\u0628\u0639\u0627\u062f: 150 \u0633\u0645 \u00d7 150 \u0633\u0645 (\u0642\u0627\u0628\u0644 \u0644\u0644\u062a\u0639\u062f\u064a\u0644)<\/p>\n<p style=\"text-align: center\"><span class=\"html-span xexx8yu xyri2b x18d9i69 x1c1uobl x1hl2dhg x16tdsg8 x1vvkbs x3nfvp2 x1j61x8r x1fcty0u xdj266r xat24cr xm2jcoa x1mpyi22 xxymvpz xlup9mm x1kky2od\"><img loading=\"lazy\" decoding=\"async\" class=\"xz74otr x15mokao x1ga7v0g x16uus16 xbiv7yw\" src=\"https:\/\/static.cdninstagram.com\/images\/emoji.php\/v9\/t33\/1\/16\/2705.png\" alt=\"\u2705\" width=\"16\" height=\"16\" \/><\/span> \u0627\u0644\u0639\u0646\u0627\u064a\u0629: \u064a\u064f\u0641\u0636\u0644 \u0627\u0644\u063a\u0633\u0644 \u0627\u0644\u064a\u062f\u0648\u064a<\/p>\n<p style=\"text-align: center\"><span class=\"html-span xexx8yu xyri2b x18d9i69 x1c1uobl x1hl2dhg x16tdsg8 x1vvkbs x3nfvp2 x1j61x8r x1fcty0u xdj266r xat24cr xm2jcoa x1mpyi22 xxymvpz xlup9mm x1kky2od\"><img loading=\"lazy\" decoding=\"async\" class=\"xz74otr x15mokao x1ga7v0g x16uus16 xbiv7yw\" src=\"https:\/\/static.cdninstagram.com\/images\/emoji.php\/v9\/t33\/1\/16\/2705.png\" alt=\"\u2705\" width=\"16\" height=\"16\" \/><\/span> \u0627\u0644\u0645\u0646\u0634\u0623: \u0635\u0646\u0627\u0639\u0629 \u0645\u0635\u0631\u064a\u0629<\/p>","protected":false},"excerpt":{"rendered":"<p>Description du produit \u2013 Foulard Malaisien: \u00a0Foulard Masr incarne l&rsquo;\u00e9l\u00e9gance intemporelle de l&rsquo;\u00c9gypte. Confectionn\u00e9 avec soin dans un tissu l\u00e9ger et fluide, il apporte une touche orientale \u00e0 votre tenue quotidienne. Polyvalent, doux et raffin\u00e9, ce foulard peut \u00eatre port\u00e9 de mille fa\u00e7ons : en hijab, autour du cou ou m\u00eame comme accessoire de sac. [&#8230;]","protected":false},"featured_media":328,"comment_status":"open","ping_status":"closed","template":"","meta":[],"product_brand":[],"product_cat":[74,75],"product_tag":[],"class_list":{"0":"post-335","1":"product","2":"type-product","3":"status-publish","4":"has-post-thumbnail","6":"product_cat-hijab","7":"product_cat-khimar","9":"first","10":"instock","11":"sale","12":"featured","13":"shipping-taxable","14":"purchasable","15":"product-type-variable","16":"has-default-attributes"},"_links":{"self":[{"href":"https:\/\/bshopma.ma\/ar\/wp-json\/wp\/v2\/product\/335","targetHints":{"allow":["GET"]}}],"collection":[{"href":"https:\/\/bshopma.ma\/ar\/wp-json\/wp\/v2\/product"}],"about":[{"href":"https:\/\/bshopma.ma\/ar\/wp-json\/wp\/v2\/types\/product"}],"replies":[{"embeddable":true,"href":"https:\/\/bshopma.ma\/ar\/wp-json\/wp\/v2\/comments?post=335"}],"wp:featuredmedia":[{"embeddable":true,"href":"https:\/\/bshopma.ma\/ar\/wp-json\/wp\/v2\/media\/328"}],"wp:attachment":[{"href":"https:\/\/bshopma.ma\/ar\/wp-json\/wp\/v2\/media?parent=335"}],"wp:term":[{"taxonomy":"product_brand","embeddable":true,"href":"https:\/\/bshopma.ma\/ar\/wp-json\/wp\/v2\/product_brand?post=335"},{"taxonomy":"product_cat","embeddable":true,"href":"https:\/\/bshopma.ma\/ar\/wp-json\/wp\/v2\/product_cat?post=335"},{"taxonomy":"product_tag","embeddable":true,"href":"https:\/\/bshopma.ma\/ar\/wp-json\/wp\/v2\/product_tag?post=335"}],"curies":[{"name":"wp","href":"https:\/\/api.w.org\/{rel}","templated":true}]}}