{"id":357,"date":"2025-07-18T00:06:52","date_gmt":"2025-07-18T00:06:52","guid":{"rendered":"https:\/\/bshopma.ma\/?post_type=product&#038;p=357"},"modified":"2025-08-18T21:26:57","modified_gmt":"2025-08-18T21:26:57","slug":"khamrah","status":"publish","type":"product","link":"https:\/\/bshopma.ma\/ar\/product\/khamrah\/","title":{"rendered":"\u0639\u0637\u0631 \u062e\u0645\u0631\u0629"},"content":{"rendered":"<div class=\"woocommerce-product-details__short-description\">\n<div id=\"tab-description\" class=\"woocommerce-Tabs-panel woocommerce-Tabs-panel--description panel entry-content wc-tab\" role=\"tabpanel\" aria-labelledby=\"tab-title-description\">\n<h1>Description<\/h1>\n<p>Que ce soit pour un rendez-vous galant, une soir\u00e9e festive ou une simple r\u00e9union entre amis, l\u2019Eau de Parfum mixte Lattafa Khamrah est le choix id\u00e9al pour briller de mille feux. Cette fragrance enivrante \u00e9veille vos sens avec des accords sucr\u00e9s de dattes, de muguet envo\u00fbtant et de d\u00e9licieuses pralines, ajoutant une touche de piquant \u00e0 votre charisme. L\u2019essence m\u00eame de la beaut\u00e9 et de la sensualit\u00e9 des terres arabes s\u2019exprime \u00e0 travers cette composition unique qui laisse une empreinte inoubliable sur votre peau.<\/p>\n<h1><strong>Composition :\u00a0<\/strong><\/h1>\n<p>Cette fragrance \u00e9tincelante s\u2019ouvre sur des notes p\u00e9tillantes de bergamote, relev\u00e9es par une touche de cannelle chaleureuse et de muscade intense. Les accords doucement sucr\u00e9s des dattes captivent l\u2019attention, tandis que le muguet enivrant, la tub\u00e9reuse enivrante et la praline d\u00e9licieuse apportent une touche de sensualit\u00e9. Enfin, des notes chaleureuses de f\u00e8ves tonka torr\u00e9fi\u00e9es et de benjoin poudr\u00e9 se m\u00ealent \u00e0 des accords de myrrhe aromatique, de bois d\u2019Akigal, de vanille intense et de bois ambr\u00e9 incomparable.<\/p>\n<h1><strong>L\u2019histoire du parfum :\u00a0<\/strong><\/h1>\n<p>Plongez dans la beaut\u00e9 de la marque de parfumerie de luxe du monde arabe avec l\u2019Eau de Parfum mixte Lattafa Khamrah, pr\u00e9sent\u00e9e dans un flacon en cristal \u00e9tincelant qui irradie d\u2019une lueur ensoleill\u00e9e. Lanc\u00e9e en 2022, cette fragrance vous laissera rayonnant(e) tel(le) des foug\u00e8res chatoyantes impr\u00e9gn\u00e9es d\u2019un raffinement ambr\u00e9.<\/p>\n<\/div>\n<\/div>","protected":false},"excerpt":{"rendered":"<h1><strong>Eau de parfum Lattafa\u00ae | 100ml<\/strong><\/h1>\n<ul>\n<li>\n<h6><strong>Notes de t\u00eate<\/strong> : Bergamote, Noix de Muscade, Cannelle<\/h6>\n<\/li>\n<li>\n<h6><strong>Notes de coeur<\/strong> : Dattes, Mahonial, Pralin\u00e9, Tub\u00e9reuse<\/h6>\n<\/li>\n<li>\n<h6><strong>Notes de fond<\/strong>\u00a0: Myrrhe, f\u00e8ve Tonka grill\u00e9e, Vanille, Benjoin, Ambre, Bois d\u2019Akigala.<\/h6>\n<\/li>\n<\/ul>","protected":false},"featured_media":358,"comment_status":"open","ping_status":"closed","template":"","meta":[],"product_brand":[135],"product_cat":[34,18],"product_tag":[],"class_list":{"0":"post-357","1":"product","2":"type-product","3":"status-publish","4":"has-post-thumbnail","6":"product_brand-lattafa","7":"product_cat-bakhour-et-parfums","8":"product_cat-parfums","10":"first","11":"instock","12":"sale","13":"featured","14":"shipping-taxable","15":"purchasable","16":"product-type-simple"},"_links":{"self":[{"href":"https:\/\/bshopma.ma\/ar\/wp-json\/wp\/v2\/product\/357","targetHints":{"allow":["GET"]}}],"collection":[{"href":"https:\/\/bshopma.ma\/ar\/wp-json\/wp\/v2\/product"}],"about":[{"href":"https:\/\/bshopma.ma\/ar\/wp-json\/wp\/v2\/types\/product"}],"replies":[{"embeddable":true,"href":"https:\/\/bshopma.ma\/ar\/wp-json\/wp\/v2\/comments?post=357"}],"wp:featuredmedia":[{"embeddable":true,"href":"https:\/\/bshopma.ma\/ar\/wp-json\/wp\/v2\/media\/358"}],"wp:attachment":[{"href":"https:\/\/bshopma.ma\/ar\/wp-json\/wp\/v2\/media?parent=357"}],"wp:term":[{"taxonomy":"product_brand","embeddable":true,"href":"https:\/\/bshopma.ma\/ar\/wp-json\/wp\/v2\/product_brand?post=357"},{"taxonomy":"product_cat","embeddable":true,"href":"https:\/\/bshopma.ma\/ar\/wp-json\/wp\/v2\/product_cat?post=357"},{"taxonomy":"product_tag","embeddable":true,"href":"https:\/\/bshopma.ma\/ar\/wp-json\/wp\/v2\/product_tag?post=357"}],"curies":[{"name":"wp","href":"https:\/\/api.w.org\/{rel}","templated":true}]}}