{"id":460,"date":"2025-07-21T22:24:37","date_gmt":"2025-07-21T22:24:37","guid":{"rendered":"https:\/\/bshopma.ma\/?post_type=product&#038;p=460"},"modified":"2025-08-18T21:26:42","modified_gmt":"2025-08-18T21:26:42","slug":"desodorisant-ana-abiyedh","status":"publish","type":"product","link":"https:\/\/bshopma.ma\/ar\/product\/desodorisant-ana-abiyedh\/","title":{"rendered":"\u0645\u0639\u0637\u0631 \u062c\u0648 \u0627\u0646\u0627 \u0627\u0644\u0627\u0628\u064a\u0636"},"content":{"rendered":"<p>&nbsp;<\/p>\n<p>\ud83c\udf3f \u00c0 propos de cet article :<\/p>\n<p>&nbsp;<\/p>\n<p>Ana Abiyedh \u2013 Parfum Maison \u2013 300 ml<\/p>\n<p>&nbsp;<\/p>\n<p>D\u00e9couvrez Ana Abiyedh, un parfum maison au format g\u00e9n\u00e9reux de 300 ml, qui allie fra\u00eecheur velout\u00e9e, douceur bois\u00e9e et musc blanc envo\u00fbtant.<\/p>\n<p>&nbsp;<\/p>\n<p>\ud83d\udd38 En notes de t\u00eate : musc blanc et bois de santal ouvrent la fragrance avec finesse et puret\u00e9.<\/p>\n<p>\ud83d\udd38 Au c\u0153ur : un m\u00e9lange chaleureux de vanille, cardamome et safran apporte profondeur et caract\u00e8re.<\/p>\n<p>\ud83d\udd38 En fond : f\u00e8ve tonka, bois de ga\u00efac, ambre sec et musc blanc laissent un sillage bois\u00e9, sucr\u00e9 et poudr\u00e9 qui apaise et s\u00e9duit.<\/p>\n<p>&nbsp;<\/p>\n<p>\u2728 Un parfum raffin\u00e9, parfait pour cr\u00e9er une atmosph\u00e8re douce, \u00e9l\u00e9gante et m\u00e9morable dans votre int\u00e9rieur.<\/p>\n<p>&nbsp;<\/p>\n<p>&nbsp;<\/p>","protected":false},"excerpt":{"rendered":"<p>&nbsp; \ud83c\udf3f \u00c0 propos de cet article : &nbsp; Ana Abiyedh \u2013 Parfum Maison \u2013 300 ml &nbsp; D\u00e9couvrez Ana Abiyedh, un parfum maison au format g\u00e9n\u00e9reux de 300 ml, qui allie fra\u00eecheur velout\u00e9e, douceur bois\u00e9e et musc blanc envo\u00fbtant. &nbsp; \ud83d\udd38 En notes de t\u00eate : musc blanc et bois de santal ouvrent la [&#8230;]","protected":false},"featured_media":474,"comment_status":"open","ping_status":"closed","template":"","meta":[],"product_brand":[135],"product_cat":[34,18],"product_tag":[],"class_list":{"0":"post-460","1":"product","2":"type-product","3":"status-publish","4":"has-post-thumbnail","6":"product_brand-lattafa","7":"product_cat-bakhour-et-parfums","8":"product_cat-parfums","10":"first","11":"instock","12":"sale","13":"featured","14":"shipping-taxable","15":"purchasable","16":"product-type-simple"},"_links":{"self":[{"href":"https:\/\/bshopma.ma\/ar\/wp-json\/wp\/v2\/product\/460","targetHints":{"allow":["GET"]}}],"collection":[{"href":"https:\/\/bshopma.ma\/ar\/wp-json\/wp\/v2\/product"}],"about":[{"href":"https:\/\/bshopma.ma\/ar\/wp-json\/wp\/v2\/types\/product"}],"replies":[{"embeddable":true,"href":"https:\/\/bshopma.ma\/ar\/wp-json\/wp\/v2\/comments?post=460"}],"wp:featuredmedia":[{"embeddable":true,"href":"https:\/\/bshopma.ma\/ar\/wp-json\/wp\/v2\/media\/474"}],"wp:attachment":[{"href":"https:\/\/bshopma.ma\/ar\/wp-json\/wp\/v2\/media?parent=460"}],"wp:term":[{"taxonomy":"product_brand","embeddable":true,"href":"https:\/\/bshopma.ma\/ar\/wp-json\/wp\/v2\/product_brand?post=460"},{"taxonomy":"product_cat","embeddable":true,"href":"https:\/\/bshopma.ma\/ar\/wp-json\/wp\/v2\/product_cat?post=460"},{"taxonomy":"product_tag","embeddable":true,"href":"https:\/\/bshopma.ma\/ar\/wp-json\/wp\/v2\/product_tag?post=460"}],"curies":[{"name":"wp","href":"https:\/\/api.w.org\/{rel}","templated":true}]}}