{"id":461,"date":"2025-07-21T22:46:04","date_gmt":"2025-07-21T22:46:04","guid":{"rendered":"https:\/\/bshopma.ma\/?post_type=product&#038;p=461"},"modified":"2025-08-18T21:26:10","modified_gmt":"2025-08-18T21:26:10","slug":"desodorisant-fakhar-lattafa","status":"publish","type":"product","link":"https:\/\/bshopma.ma\/ar\/product\/desodorisant-fakhar-lattafa\/","title":{"rendered":"\u0645\u0639\u0637\u0631 \u062c\u0648 \u0641\u062e\u0631 \u0644\u0637\u0627\u0641\u0629"},"content":{"rendered":"<p>&nbsp;<\/p>\n<p>\ud83d\udda4 Fakhar Lattafa Bois\u00e9e Noire \u2013 Spray d\u2019Ambiance<\/p>\n<p>&nbsp;<\/p>\n<p>Apportez une touche d\u2019\u00e9l\u00e9gance orientale \u00e0 votre int\u00e9rieur.<\/p>\n<p>&nbsp;<\/p>\n<p>Transformez votre espace avec le spray d\u2019ambiance Fakhar Lattafa Bois\u00e9e Noire, une cr\u00e9ation inspir\u00e9e des parfums luxueux de Duba\u00ef.<\/p>\n<p>Sa fragrance bois\u00e9e, florale et chaleureuse enveloppe votre maison d\u2019une atmosph\u00e8re apaisante, chic et raffin\u00e9e.<\/p>\n<p>&nbsp;<\/p>\n<p>\ud83d\udca8 Un parfum d&rsquo;int\u00e9rieur sophistiqu\u00e9, id\u00e9al pour les amateurs d\u2019ar\u00f4mes profonds et \u00e9l\u00e9gants.<\/p>\n<p>&nbsp;<\/p>\n<p>\ud83c\udf3f Notes Olfactives :<\/p>\n<p>&nbsp;<\/p>\n<p>Notes de t\u00eate : Lavande, Bergamote<\/p>\n<p>&nbsp;<\/p>\n<p>Notes de c\u0153ur : Fleur d\u2019oranger, G\u00e9ranium<\/p>\n<p>&nbsp;<\/p>\n<p>Notes de fond : F\u00e8ve tonka, Bois de santal, Patchouli<\/p>\n<p>&nbsp;<\/p>","protected":false},"excerpt":{"rendered":"<p>&nbsp; \ud83d\udda4 Fakhar Lattafa Bois\u00e9e Noire \u2013 Spray d\u2019Ambiance &nbsp; Apportez une touche d\u2019\u00e9l\u00e9gance orientale \u00e0 votre int\u00e9rieur. &nbsp; Transformez votre espace avec le spray d\u2019ambiance Fakhar Lattafa Bois\u00e9e Noire, une cr\u00e9ation inspir\u00e9e des parfums luxueux de Duba\u00ef. Sa fragrance bois\u00e9e, florale et chaleureuse enveloppe votre maison d\u2019une atmosph\u00e8re apaisante, chic et raffin\u00e9e. &nbsp; \ud83d\udca8 [&#8230;]","protected":false},"featured_media":471,"comment_status":"open","ping_status":"closed","template":"","meta":[],"product_brand":[135],"product_cat":[34,18],"product_tag":[],"class_list":{"0":"post-461","1":"product","2":"type-product","3":"status-publish","4":"has-post-thumbnail","6":"product_brand-lattafa","7":"product_cat-bakhour-et-parfums","8":"product_cat-parfums","10":"first","11":"instock","12":"sale","13":"featured","14":"shipping-taxable","15":"purchasable","16":"product-type-simple"},"_links":{"self":[{"href":"https:\/\/bshopma.ma\/ar\/wp-json\/wp\/v2\/product\/461","targetHints":{"allow":["GET"]}}],"collection":[{"href":"https:\/\/bshopma.ma\/ar\/wp-json\/wp\/v2\/product"}],"about":[{"href":"https:\/\/bshopma.ma\/ar\/wp-json\/wp\/v2\/types\/product"}],"replies":[{"embeddable":true,"href":"https:\/\/bshopma.ma\/ar\/wp-json\/wp\/v2\/comments?post=461"}],"wp:featuredmedia":[{"embeddable":true,"href":"https:\/\/bshopma.ma\/ar\/wp-json\/wp\/v2\/media\/471"}],"wp:attachment":[{"href":"https:\/\/bshopma.ma\/ar\/wp-json\/wp\/v2\/media?parent=461"}],"wp:term":[{"taxonomy":"product_brand","embeddable":true,"href":"https:\/\/bshopma.ma\/ar\/wp-json\/wp\/v2\/product_brand?post=461"},{"taxonomy":"product_cat","embeddable":true,"href":"https:\/\/bshopma.ma\/ar\/wp-json\/wp\/v2\/product_cat?post=461"},{"taxonomy":"product_tag","embeddable":true,"href":"https:\/\/bshopma.ma\/ar\/wp-json\/wp\/v2\/product_tag?post=461"}],"curies":[{"name":"wp","href":"https:\/\/api.w.org\/{rel}","templated":true}]}}