{"id":462,"date":"2025-07-21T22:47:44","date_gmt":"2025-07-21T22:47:44","guid":{"rendered":"https:\/\/bshopma.ma\/?post_type=product&#038;p=462"},"modified":"2025-08-18T21:25:55","modified_gmt":"2025-08-18T21:25:55","slug":"maahir-legacy-spray-dambiance","status":"publish","type":"product","link":"https:\/\/bshopma.ma\/ar\/product\/maahir-legacy-spray-dambiance\/","title":{"rendered":"\u0645\u0639\u0637\u0631 \u062c\u0648 \u0645\u0627\u0647\u0631"},"content":{"rendered":"<p>&nbsp;<\/p>\n<ul>\n<li>\ud83c\udf3f MAAHIR LEGACY \u2013 Spray d\u2019Ambiance 300 ml<\/li>\n<\/ul>\n<p>&nbsp;<\/p>\n<p>Lattafa Dubai<\/p>\n<p>&nbsp;<\/p>\n<p>D\u00e9couvrez MAAHIR LEGACY, un air freshener Lattafa sophistiqu\u00e9 aux notes fra\u00eeches, bois\u00e9es et aromatiques.<\/p>\n<p>Ce parfum d\u2019int\u00e9rieur allie le raffinement oriental \u00e0 une fra\u00eecheur vivifiante, pour transformer chaque pi\u00e8ce en un espace de d\u00e9tente et d\u2019\u00e9l\u00e9gance.<\/p>\n<p>&nbsp;<\/p>\n<p>\u2728 Gr\u00e2ce \u00e0 sa formule de 300 ml, le spray d\u2019ambiance MAAHIR LEGACY diffuse une fragrance harmonieuse m\u00ealant :<\/p>\n<p>&nbsp;<\/p>\n<p>\ud83c\udf31 Menthe &amp; Citron vert en t\u00eate pour une fra\u00eecheur \u00e9clatante<\/p>\n<p>&nbsp;<\/p>\n<p>\ud83c\udf3f V\u00e9tiver &amp; F\u00e8ve tonka en fond pour une profondeur bois\u00e9e et apaisante<\/p>\n<p>&nbsp;<\/p>\n<p>&nbsp;<\/p>\n<p>\ud83d\udcab Id\u00e9al pour sublimer vos espaces de vie avec une senteur durable, raffin\u00e9e et moderne.<\/p>","protected":false},"excerpt":{"rendered":"<p>&nbsp; \ud83c\udf3f MAAHIR LEGACY \u2013 Spray d\u2019Ambiance 300 ml &nbsp; Lattafa Dubai &nbsp; D\u00e9couvrez MAAHIR LEGACY, un air freshener Lattafa sophistiqu\u00e9 aux notes fra\u00eeches, bois\u00e9es et aromatiques. Ce parfum d\u2019int\u00e9rieur allie le raffinement oriental \u00e0 une fra\u00eecheur vivifiante, pour transformer chaque pi\u00e8ce en un espace de d\u00e9tente et d\u2019\u00e9l\u00e9gance. &nbsp; \u2728 Gr\u00e2ce \u00e0 sa formule [&#8230;]","protected":false},"featured_media":476,"comment_status":"open","ping_status":"closed","template":"","meta":[],"product_brand":[135],"product_cat":[34,18],"product_tag":[],"class_list":{"0":"post-462","1":"product","2":"type-product","3":"status-publish","4":"has-post-thumbnail","6":"product_brand-lattafa","7":"product_cat-bakhour-et-parfums","8":"product_cat-parfums","10":"first","11":"instock","12":"sale","13":"featured","14":"shipping-taxable","15":"purchasable","16":"product-type-simple"},"_links":{"self":[{"href":"https:\/\/bshopma.ma\/ar\/wp-json\/wp\/v2\/product\/462","targetHints":{"allow":["GET"]}}],"collection":[{"href":"https:\/\/bshopma.ma\/ar\/wp-json\/wp\/v2\/product"}],"about":[{"href":"https:\/\/bshopma.ma\/ar\/wp-json\/wp\/v2\/types\/product"}],"replies":[{"embeddable":true,"href":"https:\/\/bshopma.ma\/ar\/wp-json\/wp\/v2\/comments?post=462"}],"wp:featuredmedia":[{"embeddable":true,"href":"https:\/\/bshopma.ma\/ar\/wp-json\/wp\/v2\/media\/476"}],"wp:attachment":[{"href":"https:\/\/bshopma.ma\/ar\/wp-json\/wp\/v2\/media?parent=462"}],"wp:term":[{"taxonomy":"product_brand","embeddable":true,"href":"https:\/\/bshopma.ma\/ar\/wp-json\/wp\/v2\/product_brand?post=462"},{"taxonomy":"product_cat","embeddable":true,"href":"https:\/\/bshopma.ma\/ar\/wp-json\/wp\/v2\/product_cat?post=462"},{"taxonomy":"product_tag","embeddable":true,"href":"https:\/\/bshopma.ma\/ar\/wp-json\/wp\/v2\/product_tag?post=462"}],"curies":[{"name":"wp","href":"https:\/\/api.w.org\/{rel}","templated":true}]}}