{"id":463,"date":"2025-07-21T22:38:01","date_gmt":"2025-07-21T22:38:01","guid":{"rendered":"https:\/\/bshopma.ma\/?post_type=product&#038;p=463"},"modified":"2025-08-18T21:26:27","modified_gmt":"2025-08-18T21:26:27","slug":"raed-luxe-spray-dambiance","status":"publish","type":"product","link":"https:\/\/bshopma.ma\/ar\/product\/raed-luxe-spray-dambiance\/","title":{"rendered":"\u0645\u0639\u0637\u0631 \u062c\u0648  \u0631\u0627\u0626\u062f"},"content":{"rendered":"<p>\ud83d\udd4a\ufe0f Ra\u2019ed Luxe \u2013 Spray d\u2019Ambiance 300 ml<\/p>\n<p>&nbsp;<\/p>\n<p>Parfum d\u2019int\u00e9rieur \u2013 Lattafa Dubai<\/p>\n<p>&nbsp;<\/p>\n<p>Offrez \u00e0 votre int\u00e9rieur une parenth\u00e8se de douceur et de s\u00e9r\u00e9nit\u00e9 avec l\u2019air freshener Ra\u2019ed Luxe de Lattafa.<\/p>\n<p>Ce parfum d\u2019ambiance d\u00e9pose un voile bois\u00e9 et chaleureux, id\u00e9al pour cr\u00e9er une atmosph\u00e8re cocooning et \u00e9l\u00e9gante.<\/p>\n<p>&nbsp;<\/p>\n<p>\ud83c\udf3f Sa composition raffin\u00e9e r\u00e9v\u00e8le des notes subtiles et \u00e9quilibr\u00e9es :<\/p>\n<p>&nbsp;<\/p>\n<p>Notes de t\u00eate : Bergamote, Lavande \u2013 une ouverture fra\u00eeche et apaisante<\/p>\n<p>&nbsp;<\/p>\n<p>Notes de c\u0153ur : Cardamome, G\u00e9ranium \u2013 un c\u0153ur \u00e9pic\u00e9 et floral, plein de charme<\/p>\n<p>&nbsp;<\/p>\n<p>Notes de fond : Patchouli, Bois de c\u00e8dre, Vanille \u2013 une base bois\u00e9e douce et enveloppante<\/p>\n<p>&nbsp;<\/p>\n<p>&nbsp;<\/p>\n<p>\ud83d\udcab Parfait pour parfumer vos espaces de vie avec \u00e9l\u00e9gance, discr\u00e9tion et long\u00e9vit\u00e9.<\/p>\n<p>&nbsp;<\/p>","protected":false},"excerpt":{"rendered":"<p>\ud83d\udd4a\ufe0f Ra\u2019ed Luxe \u2013 Spray d\u2019Ambiance 300 ml &nbsp; Parfum d\u2019int\u00e9rieur \u2013 Lattafa Dubai &nbsp; Offrez \u00e0 votre int\u00e9rieur une parenth\u00e8se de douceur et de s\u00e9r\u00e9nit\u00e9 avec l\u2019air freshener Ra\u2019ed Luxe de Lattafa. Ce parfum d\u2019ambiance d\u00e9pose un voile bois\u00e9 et chaleureux, id\u00e9al pour cr\u00e9er une atmosph\u00e8re cocooning et \u00e9l\u00e9gante. &nbsp; \ud83c\udf3f Sa composition raffin\u00e9e [&#8230;]","protected":false},"featured_media":472,"comment_status":"open","ping_status":"closed","template":"","meta":[],"product_brand":[135],"product_cat":[34,18],"product_tag":[],"class_list":{"0":"post-463","1":"product","2":"type-product","3":"status-publish","4":"has-post-thumbnail","6":"product_brand-lattafa","7":"product_cat-bakhour-et-parfums","8":"product_cat-parfums","10":"first","11":"instock","12":"sale","13":"featured","14":"shipping-taxable","15":"purchasable","16":"product-type-simple"},"_links":{"self":[{"href":"https:\/\/bshopma.ma\/ar\/wp-json\/wp\/v2\/product\/463","targetHints":{"allow":["GET"]}}],"collection":[{"href":"https:\/\/bshopma.ma\/ar\/wp-json\/wp\/v2\/product"}],"about":[{"href":"https:\/\/bshopma.ma\/ar\/wp-json\/wp\/v2\/types\/product"}],"replies":[{"embeddable":true,"href":"https:\/\/bshopma.ma\/ar\/wp-json\/wp\/v2\/comments?post=463"}],"wp:featuredmedia":[{"embeddable":true,"href":"https:\/\/bshopma.ma\/ar\/wp-json\/wp\/v2\/media\/472"}],"wp:attachment":[{"href":"https:\/\/bshopma.ma\/ar\/wp-json\/wp\/v2\/media?parent=463"}],"wp:term":[{"taxonomy":"product_brand","embeddable":true,"href":"https:\/\/bshopma.ma\/ar\/wp-json\/wp\/v2\/product_brand?post=463"},{"taxonomy":"product_cat","embeddable":true,"href":"https:\/\/bshopma.ma\/ar\/wp-json\/wp\/v2\/product_cat?post=463"},{"taxonomy":"product_tag","embeddable":true,"href":"https:\/\/bshopma.ma\/ar\/wp-json\/wp\/v2\/product_tag?post=463"}],"curies":[{"name":"wp","href":"https:\/\/api.w.org\/{rel}","templated":true}]}}