{"id":494,"date":"2025-08-14T22:33:38","date_gmt":"2025-08-14T22:33:38","guid":{"rendered":"https:\/\/bshopma.ma\/?post_type=product&#038;p=494"},"modified":"2025-08-18T14:50:17","modified_gmt":"2025-08-18T14:50:17","slug":"abaya_soumia","status":"publish","type":"product","link":"https:\/\/bshopma.ma\/ar\/product\/abaya_soumia\/","title":{"rendered":"\u0639\u0628\u0627\u064a\u0629 \u0633\u0645\u064a\u0629"},"content":{"rendered":"<p style=\"text-align: center;\"><strong>\u2728 \u0639\u0628\u0627\u064a\u0629 \u0628\u062b\u0648\u0628 \u0643\u0648\u0631\u064a \u0645\u0633\u062a\u0648\u0631\u062f \u2728<\/strong><\/p>\n<p style=\"text-align: center;\"><strong>\ud83c\udfa8 \u0623\u0644\u0648\u0627\u0646 \u062a\u0646\u0627\u0633\u0628 \u0643\u0644 \u0627\u0644\u0641\u0635\u0648\u0644: \u0635\u064a\u0641\u064a\u0629\u060c \u062e\u0631\u064a\u0641\u064a\u0629\u060c \u0631\u0628\u064a\u0639\u064a\u0629 \u0648\u062d\u062a\u0649 \u0634\u062a\u0648\u064a\u0629<\/strong><br \/>\n<strong>\ud83d\udccf \u0637\u0627\u064a \u0633\u062a\u0627\u0646\u062f\u0627\u0631 \u064a\u0646\u0627\u0633\u0628 \u0627\u0644\u0645\u0642\u0627\u0633\u0627\u062a: L - XL - XXL<\/strong><br \/>\n<strong>\ud83e\udeb6 \u062b\u0648\u0628 \u0645\u0631\u064a\u062d\u060c \u062e\u0641\u064a\u0641\u060c \u0648\u0637\u064a\u062d \u0628\u0634\u0643\u0644 \u0623\u0646\u064a\u0642<\/strong><br \/>\n<strong>\ud83d\udcab \u0645\u062b\u0627\u0644\u064a\u0629 \u0644\u062c\u0645\u064a\u0639 \u0627\u0644\u0645\u0646\u0627\u0633\u0628\u0627\u062a \u0648\u0627\u0644\u0623\u0648\u0642\u0627\u062a<\/strong><\/p>","protected":false},"excerpt":{"rendered":"<p>\u2728 Abaya en tissu cor\u00e9en import\u00e9 \u2728 \ud83c\udfa8 Des couleurs adapt\u00e9es \u00e0 toutes les saisons : \u00e9t\u00e9, automne, printemps et m\u00eame hiver \ud83d\udccf Taille standard convenant aux tailles : L &#8211; XL &#8211; XXL \ud83e\udeb6 Tissu confortable, l\u00e9ger, avec un tomb\u00e9 \u00e9l\u00e9gant \ud83d\udcab Parfaite pour toutes les occasions et tous les moments<\/p>","protected":false},"featured_media":664,"comment_status":"open","ping_status":"closed","template":"","meta":[],"product_brand":[],"product_cat":[178,25],"product_tag":[],"class_list":{"0":"post-494","1":"product","2":"type-product","3":"status-publish","4":"has-post-thumbnail","6":"product_cat-abaya","7":"product_cat-abaya_et_robe","9":"first","10":"instock","11":"sale","12":"featured","13":"shipping-taxable","14":"purchasable","15":"product-type-variable"},"_links":{"self":[{"href":"https:\/\/bshopma.ma\/ar\/wp-json\/wp\/v2\/product\/494","targetHints":{"allow":["GET"]}}],"collection":[{"href":"https:\/\/bshopma.ma\/ar\/wp-json\/wp\/v2\/product"}],"about":[{"href":"https:\/\/bshopma.ma\/ar\/wp-json\/wp\/v2\/types\/product"}],"replies":[{"embeddable":true,"href":"https:\/\/bshopma.ma\/ar\/wp-json\/wp\/v2\/comments?post=494"}],"wp:featuredmedia":[{"embeddable":true,"href":"https:\/\/bshopma.ma\/ar\/wp-json\/wp\/v2\/media\/664"}],"wp:attachment":[{"href":"https:\/\/bshopma.ma\/ar\/wp-json\/wp\/v2\/media?parent=494"}],"wp:term":[{"taxonomy":"product_brand","embeddable":true,"href":"https:\/\/bshopma.ma\/ar\/wp-json\/wp\/v2\/product_brand?post=494"},{"taxonomy":"product_cat","embeddable":true,"href":"https:\/\/bshopma.ma\/ar\/wp-json\/wp\/v2\/product_cat?post=494"},{"taxonomy":"product_tag","embeddable":true,"href":"https:\/\/bshopma.ma\/ar\/wp-json\/wp\/v2\/product_tag?post=494"}],"curies":[{"name":"wp","href":"https:\/\/api.w.org\/{rel}","templated":true}]}}