{"id":584,"date":"2025-07-25T14:47:13","date_gmt":"2025-07-25T14:47:13","guid":{"rendered":"https:\/\/bshopma.ma\/?post_type=product&#038;p=584"},"modified":"2025-08-18T14:51:22","modified_gmt":"2025-08-18T14:51:22","slug":"abaya-hd","status":"publish","type":"product","link":"https:\/\/bshopma.ma\/ar\/product\/abaya-hd\/","title":{"rendered":"\u0639\u0628\u0627\u064a\u0629 HD"},"content":{"rendered":"<p style=\"text-align: center;\">\ud83e\uddd5\u2728 \u062a\u0634\u0643\u064a\u0644\u0629 \u0627\u0644\u0639\u0628\u0627\u064a\u0627\u062a \u0627\u0644\u062c\u062f\u064a\u062f\u0629 \u2013 \u0623\u0646\u0627\u0642\u0629 \u0645\u062d\u062a\u0634\u0645\u0629 \u0628\u0623\u0644\u0648\u0627\u0646 \u0631\u0627\u0642\u064a\u0629<\/p>\n<p style=\"text-align: center;\">\u0627\u0643\u062a\u0634\u0641\u064a \u062c\u0645\u0627\u0644 \u0627\u0644\u062d\u0634\u0645\u0629 \u0645\u0639 \u0645\u062c\u0645\u0648\u0639\u062a\u0646\u0627 \u0627\u0644\u0645\u0645\u064a\u0632\u0629 \u0645\u0646 \u0627\u0644\u0639\u0628\u0627\u064a\u0627\u062a \u0627\u0644\u0645\u0632\u064a\u0646\u0629 \u0628\u0623\u0644\u0648\u0627\u0646 \u062c\u0630\u0627\u0628\u0629 \u062a\u0646\u0627\u0633\u0628 \u0643\u0644 \u0627\u0644\u0623\u0630\u0648\u0627\u0642.<\/p>\n<p style=\"text-align: center;\">\u0643\u0644 \u0639\u0628\u0627\u064a\u0629 \u0645\u0635\u0645\u0645\u0629 \u0628\u0639\u0646\u0627\u064a\u0629 \u0644\u062a\u0645\u0646\u062d\u0643\u0650 \u0627\u0644\u0631\u0627\u062d\u0629\u060c \u0627\u0644\u0646\u0639\u0648\u0645\u0629\u060c \u0648\u0627\u0644\u062a\u0623\u0644\u0642 \u0627\u0644\u064a\u0648\u0645\u064a\u060c \u0633\u0648\u0627\u0621 \u0641\u064a \u0627\u0644\u0625\u0637\u0644\u0627\u0644\u0627\u062a \u0627\u0644\u064a\u0648\u0645\u064a\u0629 \u0623\u0648 \u0627\u0644\u0645\u0646\u0627\u0633\u0628\u0627\u062a \u0627\u0644\u062e\u0627\u0635\u0629.<\/p>\n<p style=\"text-align: center;\">\ud83c\udf38 \u0627\u0644\u0645\u0645\u064a\u0632\u0627\u062a:<\/p>\n<p style=\"text-align: center;\">\u2714\ufe0f \u062e\u0627\u0645\u0627\u062a \u0639\u0627\u0644\u064a\u0629 \u0627\u0644\u062c\u0648\u062f\u0629 \u0648\u0645\u0631\u064a\u062d\u0629<\/p>\n<p style=\"text-align: center;\">\u2714\ufe0f \u0623\u0644\u0648\u0627\u0646 \u0645\u062a\u0646\u0648\u0639\u0629: \u0627\u0644\u0643\u0631\u0627\u0645\u064a\u0644\u060c \u0627\u0644\u0648\u0631\u062f\u064a\u060c \u0627\u0644\u0623\u0632\u0631\u0642 \u0627\u0644\u0628\u062d\u0631\u064a\u060c \u0627\u0644\u0645\u0648\u0641\u060c \u0627\u0644\u0628\u0646\u064a\u060c \u0648\u0627\u0644\u0645\u0632\u064a\u062f<\/p>\n<p style=\"text-align: center;\">\u2714\ufe0f \u0642\u0635\u0651\u0627\u062a \u0639\u0645\u0644\u064a\u0629 \u0648\u0627\u0633\u0639\u0629 \u0645\u0646\u0627\u0633\u0628\u0629 \u0644\u0643\u0644 \u0627\u0644\u0645\u0642\u0627\u0633\u0627\u062a ( L \/ XL \/ XXL )<\/p>\n<p style=\"text-align: center;\">\u2714\ufe0f \u0645\u062b\u0627\u0644\u064a\u0629 \u0644\u0644\u0645\u062d\u062c\u0628\u0627\u062a \u0648\u0627\u0644\u0645\u0646\u062a\u0642\u0628\u0627\u062a \u0627\u0644\u0628\u0627\u062d\u062b\u0627\u062a \u0639\u0646 \u0623\u0646\u0627\u0642\u0629 \u0645\u062d\u062a\u0634\u0645\u0629<\/p>\n<p style=\"text-align: center;\">\u0627\u062e\u062a\u0627\u0631\u064a \u0644\u0648\u0646\u0643 \u0627\u0644\u0645\u0641\u0636\u0644 \u0648\u0639\u0628\u0651\u0631\u064a \u0639\u0646 \u0630\u0648\u0642\u0643 \u0627\u0644\u0631\u0627\u0642\u064a \u0628\u0643\u0644 \u062b\u0642\u0629 \ud83d\udcab<\/p>","protected":false},"excerpt":{"rendered":"<p>\ud83e\uddd5\u2728 Nouvelle collection de abayas \u2013 \u00c9l\u00e9gance, pudeur et confort D\u00e9couvrez notre s\u00e9lection d\u2019abayas alliant modestie et style, parfaites pour toutes les occasions. Chaque mod\u00e8le est soigneusement con\u00e7u pour offrir confort, fluidit\u00e9 et une allure raffin\u00e9e au quotidien. \ud83c\udf38 Caract\u00e9ristiques : \u2714\ufe0f Tissus doux et de haute qualit\u00e9 \u2714\ufe0f Large choix de couleurs : caramel, [&#8230;]","protected":false},"featured_media":531,"comment_status":"open","ping_status":"closed","template":"","meta":[],"product_brand":[],"product_cat":[178,25],"product_tag":[],"class_list":{"0":"post-584","1":"product","2":"type-product","3":"status-publish","4":"has-post-thumbnail","6":"product_cat-abaya","7":"product_cat-abaya_et_robe","9":"first","10":"instock","11":"sale","12":"featured","13":"shipping-taxable","14":"purchasable","15":"product-type-variable"},"_links":{"self":[{"href":"https:\/\/bshopma.ma\/ar\/wp-json\/wp\/v2\/product\/584","targetHints":{"allow":["GET"]}}],"collection":[{"href":"https:\/\/bshopma.ma\/ar\/wp-json\/wp\/v2\/product"}],"about":[{"href":"https:\/\/bshopma.ma\/ar\/wp-json\/wp\/v2\/types\/product"}],"replies":[{"embeddable":true,"href":"https:\/\/bshopma.ma\/ar\/wp-json\/wp\/v2\/comments?post=584"}],"wp:featuredmedia":[{"embeddable":true,"href":"https:\/\/bshopma.ma\/ar\/wp-json\/wp\/v2\/media\/531"}],"wp:attachment":[{"href":"https:\/\/bshopma.ma\/ar\/wp-json\/wp\/v2\/media?parent=584"}],"wp:term":[{"taxonomy":"product_brand","embeddable":true,"href":"https:\/\/bshopma.ma\/ar\/wp-json\/wp\/v2\/product_brand?post=584"},{"taxonomy":"product_cat","embeddable":true,"href":"https:\/\/bshopma.ma\/ar\/wp-json\/wp\/v2\/product_cat?post=584"},{"taxonomy":"product_tag","embeddable":true,"href":"https:\/\/bshopma.ma\/ar\/wp-json\/wp\/v2\/product_tag?post=584"}],"curies":[{"name":"wp","href":"https:\/\/api.w.org\/{rel}","templated":true}]}}