{"id":641,"date":"2025-07-29T00:28:43","date_gmt":"2025-07-29T00:28:43","guid":{"rendered":"https:\/\/bshopma.ma\/?post_type=product&#038;p=641"},"modified":"2025-08-18T14:50:29","modified_gmt":"2025-08-18T14:50:29","slug":"abaya-aya","status":"publish","type":"product","link":"https:\/\/bshopma.ma\/ar\/product\/abaya-aya\/","title":{"rendered":"\u0639\u0628\u0627\u064a\u0629 \u0627\u064a\u0629"},"content":{"rendered":"<p style=\"text-align: center;\">\ud83d\udda4\u0639\u0628\u0627\u064a\u0629 \u0628\u062a\u0635\u0645\u064a\u0645 \u0648\u0627\u0633\u0639 \u0648\u0631\u0627\u0642\u064a<br \/>\n\u0639\u0628\u0627\u064a\u0629 \u0623\u0646\u064a\u0642\u0629 \u0645\u0635\u0646\u0648\u0639\u0629 \u0645\u0646 \u062b\u0648\u0628 \u0645\u0633\u062a\u0648\u0631\u062f \u0639\u0627\u0644\u064a \u0627\u0644\u062c\u0648\u062f\u0629\u060c \u0628\u0642\u0635\u0629 \u0645\u0631\u064a\u062d\u0629 \u0648\u0627\u0646\u0633\u064a\u0627\u0628\u064a\u0629 \u062a\u0646\u0627\u0633\u0628 \u062c\u0645\u064a\u0639 \u0627\u0644\u0623\u062c\u0633\u0627\u0645.<br \/>\n\u062a\u0635\u0645\u064a\u0645\u0647\u0627 \"\u0637\u0627\u064a \u0633\u0637\u0627\u0646\u062f\u0627\u0631\" \u064a\u0645\u0646\u062d \u062d\u0631\u064a\u0629 \u0641\u064a \u0627\u0644\u0644\u0628\u0627\u0633 \u0648\u0631\u0627\u062d\u0629 \u0637\u0648\u0627\u0644 \u0627\u0644\u064a\u0648\u0645\u060c<br \/>\n\u0645\u0646\u0627\u0633\u0628\u0629 \u0644\u0644\u0645\u0642\u0627\u0633\u0627\u062a \u0645\u0646 L \u0625\u0644\u0649 XXXL \u0628\u062f\u0648\u0646 \u0625\u062d\u0633\u0627\u0633 \u0628\u0627\u0644\u0636\u064a\u0642 \u0623\u0648 \u0627\u0644\u062b\u0642\u0644.<br \/>\n\u2728 \u0645\u062b\u0627\u0644\u064a\u0629 \u0644\u0644\u0645\u0631\u0623\u0629 \u0627\u0644\u062a\u064a \u062a\u0628\u062d\u062b \u0639\u0646 \u0627\u0644\u0623\u0646\u0627\u0642\u0629 \u0648\u0627\u0644\u0628\u0633\u0627\u0637\u0629 \u0641\u064a \u0622\u0646\u064d \u0648\u0627\u062d\u062f\u060c \u0633\u0648\u0627\u0621 \u0644\u0644\u0628\u064a\u062a \u0623\u0648 \u0627\u0644\u062e\u0631\u0648\u062c.<\/p>","protected":false},"excerpt":{"rendered":"<p>\ud83d\udda4 Abaya au design ample et \u00e9l\u00e9gant Une abaya confectionn\u00e9e dans un tissu import\u00e9 de haute qualit\u00e9, fluide et confortable. La coupe \u00ab\u00a0taille standard\u00a0\u00bb convient parfaitement aux silhouettes du L au XXXL, sans aucune g\u00eane ni sensation de lourdeur. \u2728 Id\u00e9ale pour les femmes \u00e0 la recherche d\u2019\u00e9l\u00e9gance et de simplicit\u00e9 au quotidien, que ce [&#8230;]","protected":false},"featured_media":632,"comment_status":"open","ping_status":"closed","template":"","meta":[],"product_brand":[],"product_cat":[178,25],"product_tag":[],"class_list":{"0":"post-641","1":"product","2":"type-product","3":"status-publish","4":"has-post-thumbnail","6":"product_cat-abaya","7":"product_cat-abaya_et_robe","9":"first","10":"instock","11":"sale","12":"featured","13":"shipping-taxable","14":"purchasable","15":"product-type-variable"},"_links":{"self":[{"href":"https:\/\/bshopma.ma\/ar\/wp-json\/wp\/v2\/product\/641","targetHints":{"allow":["GET"]}}],"collection":[{"href":"https:\/\/bshopma.ma\/ar\/wp-json\/wp\/v2\/product"}],"about":[{"href":"https:\/\/bshopma.ma\/ar\/wp-json\/wp\/v2\/types\/product"}],"replies":[{"embeddable":true,"href":"https:\/\/bshopma.ma\/ar\/wp-json\/wp\/v2\/comments?post=641"}],"wp:featuredmedia":[{"embeddable":true,"href":"https:\/\/bshopma.ma\/ar\/wp-json\/wp\/v2\/media\/632"}],"wp:attachment":[{"href":"https:\/\/bshopma.ma\/ar\/wp-json\/wp\/v2\/media?parent=641"}],"wp:term":[{"taxonomy":"product_brand","embeddable":true,"href":"https:\/\/bshopma.ma\/ar\/wp-json\/wp\/v2\/product_brand?post=641"},{"taxonomy":"product_cat","embeddable":true,"href":"https:\/\/bshopma.ma\/ar\/wp-json\/wp\/v2\/product_cat?post=641"},{"taxonomy":"product_tag","embeddable":true,"href":"https:\/\/bshopma.ma\/ar\/wp-json\/wp\/v2\/product_tag?post=641"}],"curies":[{"name":"wp","href":"https:\/\/api.w.org\/{rel}","templated":true}]}}