{"id":747,"date":"2025-08-18T01:38:15","date_gmt":"2025-08-18T01:38:15","guid":{"rendered":"https:\/\/bshopma.ma\/?post_type=product&#038;p=747"},"modified":"2025-08-18T14:50:02","modified_gmt":"2025-08-18T14:50:02","slug":"abaya-chams","status":"publish","type":"product","link":"https:\/\/bshopma.ma\/ar\/product\/abaya-chams\/","title":{"rendered":"\u0639\u0628\u0627\u064a\u0629 \u0634\u0645\u0633"},"content":{"rendered":"<p>&nbsp;<\/p>\n<p>&nbsp;<\/p>\n<p style=\"text-align: center;\"><span class=\"html-span xexx8yu xyri2b x18d9i69 x1c1uobl x1hl2dhg x16tdsg8 x1vvkbs x3nfvp2 x1j61x8r x1fcty0u xdj266r xat24cr xm2jcoa x1mpyi22 xxymvpz xlup9mm x1kky2od\"><img loading=\"lazy\" decoding=\"async\" class=\"xz74otr x15mokao x1ga7v0g x16uus16 xbiv7yw\" src=\"https:\/\/static.xx.fbcdn.net\/images\/emoji.php\/v9\/tf0\/1\/16\/1f338.png\" alt=\"\ud83c\udf38\" width=\"27\" height=\"27\" \/><\/span> \u00a0\u0639\u0628\u0627\u064a\u0629 \u0634\u0645\u0633 .. \u0641\u0631\u0635\u0629 \u0644\u0627 \u062a\u064f\u0641\u0648\u0651\u062a! <span class=\"html-span xexx8yu xyri2b x18d9i69 x1c1uobl x1hl2dhg x16tdsg8 x1vvkbs x3nfvp2 x1j61x8r x1fcty0u xdj266r xat24cr xm2jcoa x1mpyi22 xxymvpz xlup9mm x1kky2od\"><img loading=\"lazy\" decoding=\"async\" class=\"xz74otr x15mokao x1ga7v0g x16uus16 xbiv7yw\" src=\"https:\/\/static.xx.fbcdn.net\/images\/emoji.php\/v9\/tf0\/1\/16\/1f338.png\" alt=\"\ud83c\udf38\" width=\"27\" height=\"27\" \/><\/span><\/p>\n<p>&nbsp;<\/p>\n<p style=\"text-align: center;\"><span class=\"html-span xexx8yu xyri2b x18d9i69 x1c1uobl x1hl2dhg x16tdsg8 x1vvkbs x3nfvp2 x1j61x8r x1fcty0u xdj266r xat24cr xm2jcoa x1mpyi22 xxymvpz xlup9mm x1kky2od\"><img loading=\"lazy\" decoding=\"async\" class=\"xz74otr x15mokao x1ga7v0g x16uus16 xbiv7yw alignnone\" src=\"https:\/\/static.xx.fbcdn.net\/images\/emoji.php\/v9\/t51\/1\/16\/2714.png\" alt=\"\u2714\" width=\"16\" height=\"16\" \/><\/span> \u0645\u062a\u0648\u0627\u0641\u0631\u0629 \u0628\u0627\u0644\u0645\u0642\u0627\u0633\u064a\u0646: L \u0648 XXL<\/p>\n<p style=\"text-align: center;\"><span class=\"html-span xexx8yu xyri2b x18d9i69 x1c1uobl x1hl2dhg x16tdsg8 x1vvkbs x3nfvp2 x1j61x8r x1fcty0u xdj266r xat24cr xm2jcoa x1mpyi22 xxymvpz xlup9mm x1kky2od\"><img loading=\"lazy\" decoding=\"async\" class=\"xz74otr x15mokao x1ga7v0g x16uus16 xbiv7yw\" src=\"https:\/\/static.xx.fbcdn.net\/images\/emoji.php\/v9\/t51\/1\/16\/2714.png\" alt=\"\u2714\" width=\"16\" height=\"16\" \/><\/span> \u062a\u0637\u0631\u064a\u0632 \u0623\u0646\u064a\u0642 \u0628\u0627\u0644\u0645\u0627\u0643\u064a\u0646\u0629 \u0639\u0644\u0649 \u0627\u0644\u0623\u0643\u0645\u0627\u0645<\/p>\n<p style=\"text-align: center;\"><span class=\"html-span xexx8yu xyri2b x18d9i69 x1c1uobl x1hl2dhg x16tdsg8 x1vvkbs x3nfvp2 x1j61x8r x1fcty0u xdj266r xat24cr xm2jcoa x1mpyi22 xxymvpz xlup9mm x1kky2od\"><img loading=\"lazy\" decoding=\"async\" class=\"xz74otr x15mokao x1ga7v0g x16uus16 xbiv7yw\" src=\"https:\/\/static.xx.fbcdn.net\/images\/emoji.php\/v9\/t51\/1\/16\/2714.png\" alt=\"\u2714\" width=\"16\" height=\"16\" \/><\/span> \u062b\u0648\u0628 \u0643\u0631\u064a\u0628 \u0628\u062c\u0648\u062f\u0629 \u0645\u0645\u062a\u0627\u0632\u0629\u060c \u0645\u0631\u064a\u062d \u0648\u0623\u0646\u064a\u0642<\/p>\n<p style=\"text-align: center;\"><span class=\"html-span xexx8yu xyri2b x18d9i69 x1c1uobl x1hl2dhg x16tdsg8 x1vvkbs x3nfvp2 x1j61x8r x1fcty0u xdj266r xat24cr xm2jcoa x1mpyi22 xxymvpz xlup9mm x1kky2od\"><img loading=\"lazy\" decoding=\"async\" class=\"xz74otr x15mokao x1ga7v0g x16uus16 xbiv7yw\" src=\"https:\/\/static.xx.fbcdn.net\/images\/emoji.php\/v9\/t51\/1\/16\/2714.png\" alt=\"\u2714\" width=\"16\" height=\"16\" \/><\/span> \u0623\u0644\u0648\u0627\u0646 \u062c\u0630\u0651\u0627\u0628\u0629 \u062a\u0644\u0627\u0626\u0645 \u062c\u0645\u064a\u0639 \u0627\u0644\u0641\u0635\u0648\u0644<\/p>\n<p style=\"text-align: center;\"><span class=\"html-span xexx8yu xyri2b x18d9i69 x1c1uobl x1hl2dhg x16tdsg8 x1vvkbs x3nfvp2 x1j61x8r x1fcty0u xdj266r xat24cr xm2jcoa x1mpyi22 xxymvpz xlup9mm x1kky2od\"><img loading=\"lazy\" decoding=\"async\" class=\"xz74otr x15mokao x1ga7v0g x16uus16 xbiv7yw\" src=\"https:\/\/static.xx.fbcdn.net\/images\/emoji.php\/v9\/tf4\/1\/16\/2728.png\" alt=\"\u2728\" width=\"16\" height=\"16\" \/><\/span> \u0645\u062b\u0627\u0644\u064a\u0629 \u0644\u0645\u0648\u0633\u0645 \u0627\u0644\u062f\u062e\u0648\u0644 \u0627\u0644\u0645\u062f\u0631\u0633\u064a \u0648\u0644\u0640 \u0627\u0644\u0645\u0646\u0627\u0633\u0628\u0627\u062a<\/p>\n<p style=\"text-align: center;\"><span class=\"html-span xexx8yu xyri2b x18d9i69 x1c1uobl x1hl2dhg x16tdsg8 x1vvkbs x3nfvp2 x1j61x8r x1fcty0u xdj266r xat24cr xm2jcoa x1mpyi22 xxymvpz xlup9mm x1kky2od\"><img loading=\"lazy\" decoding=\"async\" class=\"xz74otr x15mokao x1ga7v0g x16uus16 xbiv7yw\" src=\"https:\/\/static.xx.fbcdn.net\/images\/emoji.php\/v9\/tf4\/1\/16\/2728.png\" alt=\"\u2728\" width=\"16\" height=\"16\" \/><\/span> \u0627\u0645\u0646\u062d\u064a \u0646\u0641\u0633\u0643 \u0625\u0637\u0644\u0627\u0644\u0629 \u0631\u0627\u0642\u064a\u0629 \u062a\u062c\u0645\u0639 \u0628\u064a\u0646 \u0627\u0644\u0623\u0646\u0627\u0642\u0629 \u0648\u0627\u0644\u0631\u0627\u062d\u0629<\/p>\n<p style=\"text-align: center;\">","protected":false},"excerpt":{"rendered":"<p>&nbsp; &nbsp; \u00a0Abaya Chams .. Une occasion \u00e0 ne pas rater ! &nbsp; Disponible en tailles L et XXL Broderie \u00e9l\u00e9gante \u00e0 la machine sur les manches Tissu cr\u00eape de qualit\u00e9 sup\u00e9rieure, confortable et raffin\u00e9 Des couleurs chic adapt\u00e9es \u00e0 toutes les saisons Id\u00e9ale pour la rentr\u00e9e scolaire et les occasions sp\u00e9ciales Offrez-vous un style [&#8230;]","protected":false},"featured_media":735,"comment_status":"open","ping_status":"closed","template":"","meta":[],"product_brand":[],"product_cat":[178,25],"product_tag":[],"class_list":{"0":"post-747","1":"product","2":"type-product","3":"status-publish","4":"has-post-thumbnail","6":"product_cat-abaya","7":"product_cat-abaya_et_robe","9":"first","10":"instock","11":"sale","12":"featured","13":"shipping-taxable","14":"purchasable","15":"product-type-variable"},"_links":{"self":[{"href":"https:\/\/bshopma.ma\/ar\/wp-json\/wp\/v2\/product\/747","targetHints":{"allow":["GET"]}}],"collection":[{"href":"https:\/\/bshopma.ma\/ar\/wp-json\/wp\/v2\/product"}],"about":[{"href":"https:\/\/bshopma.ma\/ar\/wp-json\/wp\/v2\/types\/product"}],"replies":[{"embeddable":true,"href":"https:\/\/bshopma.ma\/ar\/wp-json\/wp\/v2\/comments?post=747"}],"wp:featuredmedia":[{"embeddable":true,"href":"https:\/\/bshopma.ma\/ar\/wp-json\/wp\/v2\/media\/735"}],"wp:attachment":[{"href":"https:\/\/bshopma.ma\/ar\/wp-json\/wp\/v2\/media?parent=747"}],"wp:term":[{"taxonomy":"product_brand","embeddable":true,"href":"https:\/\/bshopma.ma\/ar\/wp-json\/wp\/v2\/product_brand?post=747"},{"taxonomy":"product_cat","embeddable":true,"href":"https:\/\/bshopma.ma\/ar\/wp-json\/wp\/v2\/product_cat?post=747"},{"taxonomy":"product_tag","embeddable":true,"href":"https:\/\/bshopma.ma\/ar\/wp-json\/wp\/v2\/product_tag?post=747"}],"curies":[{"name":"wp","href":"https:\/\/api.w.org\/{rel}","templated":true}]}}