{"id":772,"date":"2025-08-18T14:29:55","date_gmt":"2025-08-18T14:29:55","guid":{"rendered":"https:\/\/bshopma.ma\/?post_type=product&#038;p=772"},"modified":"2025-08-18T21:23:42","modified_gmt":"2025-08-18T21:23:42","slug":"robe-raghad","status":"publish","type":"product","link":"https:\/\/bshopma.ma\/ar\/product\/robe-raghad\/","title":{"rendered":"\u0641\u0633\u062a\u0627\u0646 \u0631\u063a\u062f"},"content":{"rendered":"<p style=\"text-align: center;\"><strong><span class=\"html-span xexx8yu xyri2b x18d9i69 x1c1uobl x1hl2dhg x16tdsg8 x1vvkbs x3nfvp2 x1j61x8r x1fcty0u xdj266r xat24cr xm2jcoa x1mpyi22 xxymvpz xlup9mm x1kky2od\"><img loading=\"lazy\" decoding=\"async\" class=\"xz74otr x15mokao x1ga7v0g x16uus16 xbiv7yw\" src=\"https:\/\/static.xx.fbcdn.net\/images\/emoji.php\/v9\/tee\/1\/16\/1f457.png\" alt=\"\ud83d\udc57\" width=\"16\" height=\"16\" \/><\/span> \u0641\u0633\u062a\u0627\u0646 \u0631\u063a\u062f \u2013 \u0623\u0646\u0627\u0642\u0629 \u062e\u0641\u064a\u0641\u0629 \u0644\u0635\u064a\u0641 \u0645\u0646\u0639\u0634 <span class=\"html-span xexx8yu xyri2b x18d9i69 x1c1uobl x1hl2dhg x16tdsg8 x1vvkbs x3nfvp2 x1j61x8r x1fcty0u xdj266r xat24cr xm2jcoa x1mpyi22 xxymvpz xlup9mm x1kky2od\"><img loading=\"lazy\" decoding=\"async\" class=\"xz74otr x15mokao x1ga7v0g x16uus16 xbiv7yw\" src=\"https:\/\/static.xx.fbcdn.net\/images\/emoji.php\/v9\/tf0\/1\/16\/1f338.png\" alt=\"\ud83c\udf38\" width=\"16\" height=\"16\" \/><\/span><\/strong><\/p>\n<p>&nbsp;<\/p>\n<p style=\"text-align: center;\"><strong> <span class=\"html-span xexx8yu xyri2b x18d9i69 x1c1uobl x1hl2dhg x16tdsg8 x1vvkbs x3nfvp2 x1j61x8r x1fcty0u xdj266r xat24cr xm2jcoa x1mpyi22 xxymvpz xlup9mm x1kky2od\"><img loading=\"lazy\" decoding=\"async\" class=\"xz74otr x15mokao x1ga7v0g x16uus16 xbiv7yw\" src=\"https:\/\/static.xx.fbcdn.net\/images\/emoji.php\/v9\/t51\/1\/16\/2714.png\" alt=\"\u2714\ufe0f\" width=\"16\" height=\"16\" \/><\/span> \u0642\u0645\u0627\u0634 \u0635\u064a\u0641\u064a \u0645\u0631\u064a\u062d \u0648\u062e\u0641\u064a\u0641 \u0645\u0627\u0643\u064a\u062d\u0633\u0651\u0634 \u0628\u0627\u0644\u0633\u062e\u0648\u0646\u064a\u0629<\/strong><\/p>\n<p style=\"text-align: center;\"><strong> <span class=\"html-span xexx8yu xyri2b x18d9i69 x1c1uobl x1hl2dhg x16tdsg8 x1vvkbs x3nfvp2 x1j61x8r x1fcty0u xdj266r xat24cr xm2jcoa x1mpyi22 xxymvpz xlup9mm x1kky2od\"><img loading=\"lazy\" decoding=\"async\" class=\"xz74otr x15mokao x1ga7v0g x16uus16 xbiv7yw\" src=\"https:\/\/static.xx.fbcdn.net\/images\/emoji.php\/v9\/t51\/1\/16\/2714.png\" alt=\"\u2714\ufe0f\" width=\"16\" height=\"16\" \/><\/span> \u0642\u0635\u0651\u0629 \u0648\u0627\u0633\u0639\u0629 \u0643\u062a\u0639\u0637\u064a \u0631\u0627\u062d\u0629 \u0648\u0623\u0646\u0627\u0642\u0629<\/strong><\/p>\n<p style=\"text-align: center;\"><strong> <span class=\"html-span xexx8yu xyri2b x18d9i69 x1c1uobl x1hl2dhg x16tdsg8 x1vvkbs x3nfvp2 x1j61x8r x1fcty0u xdj266r xat24cr xm2jcoa x1mpyi22 xxymvpz xlup9mm x1kky2od\"><img loading=\"lazy\" decoding=\"async\" class=\"xz74otr x15mokao x1ga7v0g x16uus16 xbiv7yw\" src=\"https:\/\/static.xx.fbcdn.net\/images\/emoji.php\/v9\/t51\/1\/16\/2714.png\" alt=\"\u2714\ufe0f\" width=\"16\" height=\"16\" \/><\/span> \u0646\u0642\u0634\u0629 \u0646\u0627\u0639\u0645\u0629 \u062a\u0636\u064a\u0641 \u0644\u0645\u0633\u0629 \u0623\u0646\u062b\u0648\u064a\u0629<\/strong><\/p>","protected":false},"excerpt":{"rendered":"<p>Raghad \u2013 Robe l\u00e9g\u00e8re et \u00e9l\u00e9gante pour un \u00e9t\u00e9 tout en fra\u00eecheur &nbsp; Tissu estival confortable et respirant Coupe ample pour plus de libert\u00e9 et d\u2019aisance Motif d\u00e9licat qui ajoute une touche f\u00e9minine<\/p>","protected":false},"featured_media":746,"comment_status":"open","ping_status":"closed","template":"","meta":[],"product_brand":[],"product_cat":[177,25],"product_tag":[],"class_list":{"0":"post-772","1":"product","2":"type-product","3":"status-publish","4":"has-post-thumbnail","6":"product_cat-robe","7":"product_cat-abaya_et_robe","9":"first","10":"instock","11":"sale","12":"featured","13":"shipping-taxable","14":"purchasable","15":"product-type-variable"},"_links":{"self":[{"href":"https:\/\/bshopma.ma\/ar\/wp-json\/wp\/v2\/product\/772","targetHints":{"allow":["GET"]}}],"collection":[{"href":"https:\/\/bshopma.ma\/ar\/wp-json\/wp\/v2\/product"}],"about":[{"href":"https:\/\/bshopma.ma\/ar\/wp-json\/wp\/v2\/types\/product"}],"replies":[{"embeddable":true,"href":"https:\/\/bshopma.ma\/ar\/wp-json\/wp\/v2\/comments?post=772"}],"wp:featuredmedia":[{"embeddable":true,"href":"https:\/\/bshopma.ma\/ar\/wp-json\/wp\/v2\/media\/746"}],"wp:attachment":[{"href":"https:\/\/bshopma.ma\/ar\/wp-json\/wp\/v2\/media?parent=772"}],"wp:term":[{"taxonomy":"product_brand","embeddable":true,"href":"https:\/\/bshopma.ma\/ar\/wp-json\/wp\/v2\/product_brand?post=772"},{"taxonomy":"product_cat","embeddable":true,"href":"https:\/\/bshopma.ma\/ar\/wp-json\/wp\/v2\/product_cat?post=772"},{"taxonomy":"product_tag","embeddable":true,"href":"https:\/\/bshopma.ma\/ar\/wp-json\/wp\/v2\/product_tag?post=772"}],"curies":[{"name":"wp","href":"https:\/\/api.w.org\/{rel}","templated":true}]}}